{"id":24,"date":"2016-08-03T13:03:41","date_gmt":"2016-08-03T13:03:41","guid":{"rendered":"https:\/\/themify.me\/demo\/themes\/ultra-agency\/?page_id=18"},"modified":"2022-10-21T14:09:26","modified_gmt":"2022-10-21T14:09:26","slug":"home","status":"publish","type":"page","link":"https:\/\/www.kidsmedia.com.pl\/","title":{"rendered":"Kids Media"},"content":{"rendered":"<!-- wp:themify-builder\/canvas \/-->\n\n<!--themify_builder_static--><svg> <circle r=\"calc(50% - 1.00px)\" cx=\"50%\" cy=\"50%\" stroke-width=\"2\"\/> <circle r=\"calc(50% - 1.00px)\" cx=\"50%\" cy=\"50%\" stroke=\"#000000\" stroke-width=\"2\" data-progress=\"100\" stroke-dasharray=\"0,10000\"\/> <\/svg> <em style=\"color:#000\"><svg aria-hidden=\"true\"><use href=\"#tf-ti-stats-up\"><\/use><\/svg><\/em> \n <h3> Marketing <\/h3> <p>Dedykowane strategie dopasowane do potrzeb i bud\u017cetu<\/p>\n<svg> <circle r=\"calc(50% - 1.00px)\" cx=\"50%\" cy=\"50%\" stroke-width=\"2\"\/> <circle r=\"calc(50% - 1.00px)\" cx=\"50%\" cy=\"50%\" stroke=\"#000000\" stroke-width=\"2\" data-progress=\"100\" stroke-dasharray=\"0,10000\"\/> <\/svg> <em style=\"color:#000\"><svg aria-hidden=\"true\"><use href=\"#tf-ti-comment-alt\"><\/use><\/svg><\/em> \n <h3> Komunikacja <\/h3> <p>Czytelna i precyzyjna aby osi\u0105gn\u0105\u0107 za\u0142o\u017cone cele oraz zwi\u0119kszy\u0107 sprzeda\u017c<\/p>\n<svg> <circle r=\"calc(50% - 1.00px)\" cx=\"50%\" cy=\"50%\" stroke-width=\"2\"\/> <circle r=\"calc(50% - 1.00px)\" cx=\"50%\" cy=\"50%\" stroke=\"#000000\" stroke-width=\"2\" data-progress=\"100\" stroke-dasharray=\"0,10000\"\/> <\/svg> <em style=\"color:#000\"><svg aria-hidden=\"true\"><use href=\"#tf-ti-palette\"><\/use><\/svg><\/em> \n <h3> Kreacja <\/h3> <p>Wyrazista i dopasowana do komunikatu aby podkre\u015bli\u0107 jego znaczenie<\/p>\n<svg> <circle r=\"calc(50% - 1.00px)\" cx=\"50%\" cy=\"50%\" stroke-width=\"2\"\/> <circle r=\"calc(50% - 1.00px)\" cx=\"50%\" cy=\"50%\" stroke=\"#000000\" stroke-width=\"2\" data-progress=\"100\" stroke-dasharray=\"0,10000\"\/> <\/svg> <em style=\"color:#000\"><svg aria-hidden=\"true\"><use href=\"#tf-ti-announcement\"><\/use><\/svg><\/em> \n <h3> Eventy <\/h3> <p>Wirtualne lub rzeczywiste wydarzenia integracyjne i szkoleniowe<\/p>\n<svg> <circle r=\"calc(50% - 1.00px)\" cx=\"50%\" cy=\"50%\" stroke-width=\"2\"\/> <circle r=\"calc(50% - 1.00px)\" cx=\"50%\" cy=\"50%\" stroke=\"#000000\" stroke-width=\"2\" data-progress=\"100\" stroke-dasharray=\"0,10000\"\/> <\/svg> <em style=\"color:#000\"><svg aria-hidden=\"true\"><use href=\"#tf-la-archway-solid\"><\/use><\/svg><\/em> \n <h3> Scenografia <\/h3> <p>Filmowa, teatralna, stoiska wystawiennicze oraz meble<\/p>\n<svg> <circle r=\"calc(50% - 1.00px)\" cx=\"50%\" cy=\"50%\" stroke-width=\"2\"\/> <circle r=\"calc(50% - 1.00px)\" cx=\"50%\" cy=\"50%\" stroke=\"#000000\" stroke-width=\"2\" data-progress=\"100\" stroke-dasharray=\"0,10000\"\/> <\/svg> <em style=\"color:#000\"><svg aria-hidden=\"true\"><use href=\"#tf-la-chair-solid\"><\/use><\/svg><\/em> \n <h3> Meble drewniane i stalowe <\/h3> <p>Indywidualny projekt oraz wykonanie<\/p>\n<svg> <circle r=\"calc(50% - 1.00px)\" cx=\"50%\" cy=\"50%\" stroke-width=\"2\"\/> <circle r=\"calc(50% - 1.00px)\" cx=\"50%\" cy=\"50%\" stroke=\"#000000\" stroke-width=\"2\" data-progress=\"100\" stroke-dasharray=\"0,10000\"\/> <\/svg> <em style=\"color:#000\"><svg aria-hidden=\"true\"><use href=\"#tf-ti-brush-alt\"><\/use><\/svg><\/em> \n <h3> Modernizacje i remonty <\/h3> <p>Przestrzeni u\u017cytku publicznego, firm, lokali prywatnych<\/p>\n<img loading=\"lazy\" src=\"https:\/\/www.kidsmedia.com.pl\/wp-content\/uploads\/2022\/08\/KidsMedia_logo_white-300x100.png\" width=\"300\" height=\"100\" title=\"KidsMedia_logo_white\" alt=\"KidsMedia_logo_white\" srcset=\"https:\/\/www.kidsmedia.com.pl\/wp-content\/uploads\/2022\/08\/KidsMedia_logo_white-300x100.png 300w, https:\/\/www.kidsmedia.com.pl\/wp-content\/uploads\/2022\/08\/KidsMedia_logo_white-768x257.png 768w, https:\/\/www.kidsmedia.com.pl\/wp-content\/uploads\/2022\/08\/KidsMedia_logo_white.png 800w\" sizes=\"(max-width: 300px) 100vw, 300px\" \/>\n<p>Nasze biuro ch\u0119tnie odpowie na wszystkie Twoje pytania.<br>Ch\u0119tnie przygotujemy dla Ciebie dedykowan\u0105 ofert\u0119.<\/p>\n<h4>Napisz do nas<\/h4>\n\n<a href=\"mailto:biuro@kidsmedia.com.pl\" rel=\"noopener\" target=\"_blank\"> <em style=\"color: #ffffff\"><svg aria-hidden=\"true\"><use href=\"#tf-far-envelope\"><\/use><\/svg><\/em> biuro@kidsmedia.com.pl <\/a>\n<h4>Adres<\/h4>\n\n<p>01-143 Warszawa<br>ul. Rabszty\u0144ska 19\/32<br>NIP:\u00a0 527-270-34-97<\/p><!--\/themify_builder_static-->","protected":false},"excerpt":{"rendered":"<p>Marketing Dedykowane strategie dopasowane do potrzeb i bud\u017cetu Komunikacja Czytelna i precyzyjna aby osi\u0105gn\u0105\u0107 za\u0142o\u017cone cele oraz zwi\u0119kszy\u0107 sprzeda\u017c Kreacja Wyrazista i dopasowana do komunikatu aby podkre\u015bli\u0107 jego znaczenie Eventy Wirtualne lub rzeczywiste wydarzenia integracyjne i szkoleniowe Scenografia Filmowa, teatralna, stoiska wystawiennicze oraz meble Meble drewniane i stalowe Indywidualny projekt oraz wykonanie Modernizacje i remonty [&hellip;]<\/p>\n","protected":false},"author":1,"featured_media":0,"parent":0,"menu_order":0,"comment_status":"closed","ping_status":"closed","template":"","meta":[],"builder_content":"<svg> <circle r=\"calc(50% - 1.00px)\" cx=\"50%\" cy=\"50%\" stroke-width=\"2\"\/> <circle r=\"calc(50% - 1.00px)\" cx=\"50%\" cy=\"50%\" stroke=\"#000000\" stroke-width=\"2\" data-progress=\"100\" stroke-dasharray=\"0,10000\"\/> <\/svg> <em style=\"color:#000\"><svg aria-hidden=\"true\"><use href=\"#tf-ti-stats-up\"><\/use><\/svg><\/em> \n <h3> Marketing <\/h3> <p>Dedykowane strategie dopasowane do potrzeb i bud\u017cetu<\/p>\n<svg> <circle r=\"calc(50% - 1.00px)\" cx=\"50%\" cy=\"50%\" stroke-width=\"2\"\/> <circle r=\"calc(50% - 1.00px)\" cx=\"50%\" cy=\"50%\" stroke=\"#000000\" stroke-width=\"2\" data-progress=\"100\" stroke-dasharray=\"0,10000\"\/> <\/svg> <em style=\"color:#000\"><svg aria-hidden=\"true\"><use href=\"#tf-ti-comment-alt\"><\/use><\/svg><\/em> \n <h3> Komunikacja <\/h3> <p>Czytelna i precyzyjna aby osi\u0105gn\u0105\u0107 za\u0142o\u017cone cele oraz zwi\u0119kszy\u0107 sprzeda\u017c<\/p>\n<svg> <circle r=\"calc(50% - 1.00px)\" cx=\"50%\" cy=\"50%\" stroke-width=\"2\"\/> <circle r=\"calc(50% - 1.00px)\" cx=\"50%\" cy=\"50%\" stroke=\"#000000\" stroke-width=\"2\" data-progress=\"100\" stroke-dasharray=\"0,10000\"\/> <\/svg> <em style=\"color:#000\"><svg aria-hidden=\"true\"><use href=\"#tf-ti-palette\"><\/use><\/svg><\/em> \n <h3> Kreacja <\/h3> <p>Wyrazista i dopasowana do komunikatu aby podkre\u015bli\u0107 jego znaczenie<\/p>\n<svg> <circle r=\"calc(50% - 1.00px)\" cx=\"50%\" cy=\"50%\" stroke-width=\"2\"\/> <circle r=\"calc(50% - 1.00px)\" cx=\"50%\" cy=\"50%\" stroke=\"#000000\" stroke-width=\"2\" data-progress=\"100\" stroke-dasharray=\"0,10000\"\/> <\/svg> <em style=\"color:#000\"><svg aria-hidden=\"true\"><use href=\"#tf-ti-announcement\"><\/use><\/svg><\/em> \n <h3> Eventy <\/h3> <p>Wirtualne lub rzeczywiste wydarzenia integracyjne i szkoleniowe<\/p>\n<svg> <circle r=\"calc(50% - 1.00px)\" cx=\"50%\" cy=\"50%\" stroke-width=\"2\"\/> <circle r=\"calc(50% - 1.00px)\" cx=\"50%\" cy=\"50%\" stroke=\"#000000\" stroke-width=\"2\" data-progress=\"100\" stroke-dasharray=\"0,10000\"\/> <\/svg> <em style=\"color:#000\"><svg aria-hidden=\"true\"><use href=\"#tf-la-archway-solid\"><\/use><\/svg><\/em> \n <h3> Scenografia <\/h3> <p>Filmowa, teatralna, stoiska wystawiennicze oraz meble<\/p>\n<svg> <circle r=\"calc(50% - 1.00px)\" cx=\"50%\" cy=\"50%\" stroke-width=\"2\"\/> <circle r=\"calc(50% - 1.00px)\" cx=\"50%\" cy=\"50%\" stroke=\"#000000\" stroke-width=\"2\" data-progress=\"100\" stroke-dasharray=\"0,10000\"\/> <\/svg> <em style=\"color:#000\"><svg aria-hidden=\"true\"><use href=\"#tf-la-chair-solid\"><\/use><\/svg><\/em> \n <h3> Meble drewniane i stalowe <\/h3> <p>Indywidualny projekt oraz wykonanie<\/p>\n<svg> <circle r=\"calc(50% - 1.00px)\" cx=\"50%\" cy=\"50%\" stroke-width=\"2\"\/> <circle r=\"calc(50% - 1.00px)\" cx=\"50%\" cy=\"50%\" stroke=\"#000000\" stroke-width=\"2\" data-progress=\"100\" stroke-dasharray=\"0,10000\"\/> <\/svg> <em style=\"color:#000\"><svg aria-hidden=\"true\"><use href=\"#tf-ti-brush-alt\"><\/use><\/svg><\/em> \n <h3> Modernizacje i remonty <\/h3> <p>Przestrzeni u\u017cytku publicznego, firm, lokali prywatnych<\/p>\n<img loading=\"lazy\" src=\"https:\/\/www.kidsmedia.com.pl\/wp-content\/uploads\/2022\/08\/KidsMedia_logo_white-300x100.png\" width=\"300\" height=\"100\" title=\"KidsMedia_logo_white\" alt=\"KidsMedia_logo_white\" srcset=\"https:\/\/www.kidsmedia.com.pl\/wp-content\/uploads\/2022\/08\/KidsMedia_logo_white-300x100.png 300w, https:\/\/www.kidsmedia.com.pl\/wp-content\/uploads\/2022\/08\/KidsMedia_logo_white-768x257.png 768w, https:\/\/www.kidsmedia.com.pl\/wp-content\/uploads\/2022\/08\/KidsMedia_logo_white.png 800w\" sizes=\"(max-width: 300px) 100vw, 300px\" \/>\n<p>Nasze biuro ch\u0119tnie odpowie na wszystkie Twoje pytania.<br>Ch\u0119tnie przygotujemy dla Ciebie dedykowan\u0105 ofert\u0119.<\/p>\n<h4>Napisz do nas<\/h4>\n\n<a href=\"mailto:biuro@kidsmedia.com.pl\" rel=\"noopener\" target=\"_blank\"> <em style=\"color: #ffffff\"><svg aria-hidden=\"true\"><use href=\"#tf-far-envelope\"><\/use><\/svg><\/em> biuro@kidsmedia.com.pl <\/a>\n<h4>Adres<\/h4>\n\n<p>01-143 Warszawa<br>ul. Rabszty\u0144ska 19\/32<br>NIP:\u00a0 527-270-34-97<\/p>","_links":{"self":[{"href":"https:\/\/www.kidsmedia.com.pl\/index.php?rest_route=\/wp\/v2\/pages\/24"}],"collection":[{"href":"https:\/\/www.kidsmedia.com.pl\/index.php?rest_route=\/wp\/v2\/pages"}],"about":[{"href":"https:\/\/www.kidsmedia.com.pl\/index.php?rest_route=\/wp\/v2\/types\/page"}],"author":[{"embeddable":true,"href":"https:\/\/www.kidsmedia.com.pl\/index.php?rest_route=\/wp\/v2\/users\/1"}],"replies":[{"embeddable":true,"href":"https:\/\/www.kidsmedia.com.pl\/index.php?rest_route=%2Fwp%2Fv2%2Fcomments&post=24"}],"version-history":[{"count":26,"href":"https:\/\/www.kidsmedia.com.pl\/index.php?rest_route=\/wp\/v2\/pages\/24\/revisions"}],"predecessor-version":[{"id":136,"href":"https:\/\/www.kidsmedia.com.pl\/index.php?rest_route=\/wp\/v2\/pages\/24\/revisions\/136"}],"wp:attachment":[{"href":"https:\/\/www.kidsmedia.com.pl\/index.php?rest_route=%2Fwp%2Fv2%2Fmedia&parent=24"}],"curies":[{"name":"wp","href":"https:\/\/api.w.org\/{rel}","templated":true}]}}